{"id":4,"date":"2014-06-06T17:19:18","date_gmt":"2014-06-06T15:19:18","guid":{"rendered":"http:\/\/web60.114.hosttech.eu\/schroeder-fugentechnik\/wp\/?page_id=4"},"modified":"2014-06-27T15:44:09","modified_gmt":"2014-06-27T13:44:09","slug":"schimmel","status":"publish","type":"page","link":"https:\/\/fuge-technik.ch\/handwerk\/schimmel\/","title":{"rendered":"Schimmel"},"content":{"rendered":"<h3>Nicht mit dem Heizen geizen!<\/h3>\n<p>Schimmelpilze entstehen im Haus, in der Wohnung oder im Keller zwischen 0\u00b0C bis ca. 50\u00b0C und bei einer Luftfeuchte von 65% bis 100% .In der Regel reichen 3-4 Tage Kondenswasseranfall an den W\u00e4nden zur Auskeimung und Bildung von Schimmelpilzen unter optimalen Umgebungsbedingungen aus. Schimmelpilze ben\u00f6tigen zum Wachsen Feuchtigkeit, W\u00e4rme und nat\u00fcrlich N\u00e4hrboden wie z.B. Tapetenkleister, Seifen- oder Shampooreste auf der Siliconfuge im Bad.<\/p>\n<h3>Ursachen erh\u00f6hter Feuchte im Haus:<\/h3>\n<ul>\n<li>Eindringen von Feuchtigkeit in das Haus oder Geb\u00e4ude (Risse, defektes Dach, etc.)<\/li>\n<li>ungen\u00fcgendes Austrocknen des Mauerwerkes von H\u00e4usern w\u00e4hrend der Bauphase<\/li>\n<li>Rohrbr\u00fcche, \u00dcberschwemmungen<\/li>\n<li>unzureichender Abtransport von Feuchtigkeit in der Wohnung durch falsches Heizen und L\u00fcften<\/li>\n<li>Entstehung erh\u00f6hter Feuchtigkeit durch gro\u00dfe Aquarien, Duschen, Kochen, etc.<\/li>\n<\/ul>\n<p><strong>Der Fall:<\/strong><\/p>\n<p>Ich hab eine 2-Zimmerwohnung mit ca. 50qm.<br \/>\nIm Schlafzimmer l\u00fcfte ich vormittags und mache ein wenig die Heizung an, stelle sie aber so um 17Uhr wieder aus. Wenn wir morgens aufwachen, sind die beiden Fenster total feucht und man kann vor lauter Wassertropfen nicht mehr rausgucken.<br \/>\nNun habe ich am Fensterrahmen zur Scheibe hin und auch mitten auf der Scheibe 2-3mm gro\u00dfe Schimmelflecken entdeckt.<br \/>\nWas kann ich dagegen tun?<br \/>\nLiegt es auch daran, dass ich die W\u00e4sche aus Platzgr\u00fcnden tags\u00fcber im Schlafzimmer trockne?<\/p>\n<p><strong>Die Anmerkung:<\/strong><\/p>\n<p>Fenster auf Kipp, Heizung etwas an &#8211; ergibt Kondenswasser an der Fensterleibung<\/p>\n<p>Abends Heizung abgedreht und ins Bett gegangen- ergibt Kondenswasser im ganzen Raum<\/p>\n<p>Tags\u00fcber W\u00e4sche im Schlafzimmer getrocknet- ergibt Kondenswasser im ganzen Raum<\/p>\n<p><strong>Die Physik:<\/strong><\/p>\n<p><strong>Je k\u00e4lter die Luft ist, desto mehr Wasser kann sie beim Erw\u00e4rmen aufnehmen. Daher kann im Winter durch L\u00fcften mit kalter Au\u00dfenluft mehr Feuchtigkeit aus einem Raum entfernt werden als im Sommer.<\/strong><\/p>\n<p>&nbsp;<\/p>\n<p>Es empfiehlt sich gerade in den Wintermonaten nur in kurzen St\u00f6\u00dfen zu l\u00fcften, damit Wohnungen nicht ausk\u00fchlen. Daf\u00fcr reicht es meist aus, die Heizung abzudrehen und die Fenster weit f\u00fcr 2-3 Minuten zu \u00f6ffnen. Dies sollte, wenn m\u00f6glich mehrmals am Tag wiederholt werden.<\/p>\n<p>Wohnung auch Heizen wenn niemand zu Hause ist. Das verhindert das ausk\u00fchlen der W\u00e4nde und somit die Kondenswasserbildung<\/p>\n<p>&nbsp;<\/p>\n<p>Im Keller sollte dagegen eine etwas andere L\u00fcftung vorgenommen werden. Da die warme Luft im Sommer besonders viel Wasserdampf speichern kann, w\u00fcrde dieser Wasserdampf im k\u00e4lteren Keller kondensieren und sich an den W\u00e4nden niederschlagen und dort Schimmel bilden.<br \/>\n<strong>Vermeiden Sie daher in den Sommermonaten das zu h\u00e4ufige l\u00fcften Ihres Kellers<\/strong><\/p>\n<p>Vermeiden Sie in den Sommermonaten das Trocknen der W\u00e4sche im Keller. Die erh\u00f6hte Feuchtigkeit der nassen W\u00e4sche kann hier auch wiederum schneller zur Bildung von Schimmel beitragen.<\/p>\n<p>Hilfreiche Video zum Thema L\u00fcften:<br \/>\n<iframe loading=\"lazy\" src=\"\/\/www.youtube.com\/embed\/hrOS_aTYuOA\" width=\"1020\" height=\"604\" frameborder=\"0\" allowfullscreen=\"allowfullscreen\"><\/iframe><\/p>\n","protected":false},"excerpt":{"rendered":"Nicht mit dem Heizen geizen! Schimmelpilze entstehen im Haus, in der Wohnung oder im Keller zwischen 0\u00b0C bis ca. 50\u00b0C und bei einer \n<a class=\"moretag\" href=\"https:\/\/fuge-technik.ch\/handwerk\/schimmel\/\"> <\/a>","protected":false},"author":3,"featured_media":0,"parent":0,"menu_order":0,"comment_status":"closed","ping_status":"closed","template":"","meta":{"ngg_post_thumbnail":0,"footnotes":""},"_links":{"self":[{"href":"https:\/\/fuge-technik.ch\/handwerk\/wp-json\/wp\/v2\/pages\/4"}],"collection":[{"href":"https:\/\/fuge-technik.ch\/handwerk\/wp-json\/wp\/v2\/pages"}],"about":[{"href":"https:\/\/fuge-technik.ch\/handwerk\/wp-json\/wp\/v2\/types\/page"}],"author":[{"embeddable":true,"href":"https:\/\/fuge-technik.ch\/handwerk\/wp-json\/wp\/v2\/users\/3"}],"replies":[{"embeddable":true,"href":"https:\/\/fuge-technik.ch\/handwerk\/wp-json\/wp\/v2\/comments?post=4"}],"version-history":[{"count":19,"href":"https:\/\/fuge-technik.ch\/handwerk\/wp-json\/wp\/v2\/pages\/4\/revisions"}],"predecessor-version":[{"id":427,"href":"https:\/\/fuge-technik.ch\/handwerk\/wp-json\/wp\/v2\/pages\/4\/revisions\/427"}],"wp:attachment":[{"href":"https:\/\/fuge-technik.ch\/handwerk\/wp-json\/wp\/v2\/media?parent=4"}],"curies":[{"name":"wp","href":"https:\/\/api.w.org\/{rel}","templated":true}]}}