{"id":2,"date":"2014-06-03T11:18:01","date_gmt":"2014-06-03T11:18:01","guid":{"rendered":"http:\/\/web60.114.hosttech.eu\/schroeder-fugentechnik\/wp\/?page_id=2"},"modified":"2016-12-11T15:29:51","modified_gmt":"2016-12-11T14:29:51","slug":"ueber-uns","status":"publish","type":"page","link":"https:\/\/fuge-technik.ch\/handwerk\/ueber-uns\/","title":{"rendered":"\u00dcber uns"},"content":{"rendered":"<div id=\"pl-2\"  class=\"panel-layout\" ><div id=\"pg-2-0\"  class=\"panel-grid panel-no-style\" ><div id=\"pgc-2-0-0\"  class=\"panel-grid-cell\" ><div id=\"panel-2-0-0-0\" class=\"so-panel widget widget_text panel-first-child panel-last-child\" data-index=\"0\" >\t\t\t<div class=\"textwidget\"><p>1984<\/p>\n<\/div>\n\t\t<\/div><\/div><div id=\"pgc-2-0-1\"  class=\"panel-grid-cell\" ><div id=\"panel-2-0-1-0\" class=\"so-panel widget widget_text panel-first-child panel-last-child\" data-index=\"1\" >\t\t\t<div class=\"textwidget\"><p>Gr\u00fcndung der Fugentechnik in Bad Salzuflen Fachgebiet Versiegelungsarbeiten an Bauwerken sowie Zementverfugung in Sichtmauerwerk<\/p>\n<\/div>\n\t\t<\/div><\/div><\/div><div id=\"pg-2-1\"  class=\"panel-grid panel-no-style\" ><div id=\"pgc-2-1-0\"  class=\"panel-grid-cell\" ><div id=\"panel-2-1-0-0\" class=\"so-panel widget widget_text panel-first-child panel-last-child\" data-index=\"2\" >\t\t\t<div class=\"textwidget\"><p>1986<\/p>\n<\/div>\n\t\t<\/div><\/div><div id=\"pgc-2-1-1\"  class=\"panel-grid-cell\" ><div id=\"panel-2-1-1-0\" class=\"so-panel widget widget_text panel-first-child panel-last-child\" data-index=\"3\" >\t\t\t<div class=\"textwidget\"><p>Aufnahme der Epoxi-Verfugung an Fliesenbel\u00e4gen in Schwimmb\u00e4dern und im S\u00e4urebau in den folgenden Jahren Aufstockung des Personales mit zunehmenden Reparaturarbeiten und Sanierungen im Fliesenbereich an \u00f6ffentlichen Schwimmb\u00e4dern und Einrichtungen<\/p>\n<\/div>\n\t\t<\/div><\/div><\/div><div id=\"pg-2-2\"  class=\"panel-grid panel-no-style\" ><div id=\"pgc-2-2-0\"  class=\"panel-grid-cell\" ><div id=\"panel-2-2-0-0\" class=\"so-panel widget widget_text panel-first-child panel-last-child\" data-index=\"4\" >\t\t\t<div class=\"textwidget\">2005<\/div>\n\t\t<\/div><\/div><div id=\"pgc-2-2-1\"  class=\"panel-grid-cell\" ><div id=\"panel-2-2-1-0\" class=\"so-panel widget widget_text panel-first-child panel-last-child\" data-index=\"5\" >\t\t\t<div class=\"textwidget\"><p>Firmensitzverlegung nach \u00d6sterreich<\/p>\n<\/div>\n\t\t<\/div><\/div><\/div><div id=\"pg-2-3\"  class=\"panel-grid panel-no-style\" ><div id=\"pgc-2-3-0\"  class=\"panel-grid-cell\" ><div id=\"panel-2-3-0-0\" class=\"so-panel widget widget_text panel-first-child panel-last-child\" data-index=\"6\" >\t\t\t<div class=\"textwidget\">2013<\/div>\n\t\t<\/div><\/div><div id=\"pgc-2-3-1\"  class=\"panel-grid-cell\" ><div id=\"panel-2-3-1-0\" class=\"so-panel widget widget_text panel-first-child panel-last-child\" data-index=\"7\" >\t\t\t<div class=\"textwidget\"><p>Firmensitzverlegung nach Widnau, Schweiz mit Schwerpunkt Fugenversiegelungsarbeiten und Reparatur und Sanierungsarbeiten an Bauwerken<\/p>\n<\/div>\n\t\t<\/div><\/div><\/div><div id=\"pg-2-4\"  class=\"panel-grid panel-no-style\" ><div id=\"pgc-2-4-0\"  class=\"panel-grid-cell\" ><div id=\"panel-2-4-0-0\" class=\"so-panel widget widget_text panel-first-child panel-last-child\" data-index=\"8\" >\t\t\t<div class=\"textwidget\"><p>Ingolf Schr\u00f6der<\/p>\n<\/div>\n\t\t<\/div><\/div><div id=\"pgc-2-4-1\"  class=\"panel-grid-cell\" ><div id=\"panel-2-4-1-0\" class=\"so-panel widget widget_text panel-first-child panel-last-child\" data-index=\"9\" >\t\t\t<div class=\"textwidget\"><p><a href=\"http:\/\/fuge-technik.ch\/handwerk\/wp-content\/uploads\/2015\/11\/IMG_7206.jpg\"><img loading=\"lazy\" decoding=\"async\" class=\" wp-image-492\" src=\"http:\/\/fuge-technik.ch\/handwerk\/wp-content\/uploads\/2015\/11\/IMG_7202.jpg\" alt=\"Ingolf Schr\u00f6der\" width=\"350\" height=\"396\" \/><\/a><\/p>\n<\/div>\n\t\t<\/div><\/div><\/div><\/div>","protected":false},"excerpt":{"rendered":"1984 Gr\u00fcndung der Fugentechnik in Bad Salzuflen Fachgebiet Versiegelungsarbeiten an Bauwerken sowie Zementverfugung in Sichtmauerwerk 1986 Aufnahme der Epoxi-Verfugung an Fliesenbel\u00e4gen in Schwimmb\u00e4dern \n<a class=\"moretag\" href=\"https:\/\/fuge-technik.ch\/handwerk\/ueber-uns\/\"> <\/a>","protected":false},"author":3,"featured_media":0,"parent":0,"menu_order":0,"comment_status":"closed","ping_status":"closed","template":"","meta":{"ngg_post_thumbnail":0,"footnotes":""},"_links":{"self":[{"href":"https:\/\/fuge-technik.ch\/handwerk\/wp-json\/wp\/v2\/pages\/2"}],"collection":[{"href":"https:\/\/fuge-technik.ch\/handwerk\/wp-json\/wp\/v2\/pages"}],"about":[{"href":"https:\/\/fuge-technik.ch\/handwerk\/wp-json\/wp\/v2\/types\/page"}],"author":[{"embeddable":true,"href":"https:\/\/fuge-technik.ch\/handwerk\/wp-json\/wp\/v2\/users\/3"}],"replies":[{"embeddable":true,"href":"https:\/\/fuge-technik.ch\/handwerk\/wp-json\/wp\/v2\/comments?post=2"}],"version-history":[{"count":18,"href":"https:\/\/fuge-technik.ch\/handwerk\/wp-json\/wp\/v2\/pages\/2\/revisions"}],"predecessor-version":[{"id":554,"href":"https:\/\/fuge-technik.ch\/handwerk\/wp-json\/wp\/v2\/pages\/2\/revisions\/554"}],"wp:attachment":[{"href":"https:\/\/fuge-technik.ch\/handwerk\/wp-json\/wp\/v2\/media?parent=2"}],"curies":[{"name":"wp","href":"https:\/\/api.w.org\/{rel}","templated":true}]}}