{"id":418,"date":"2015-12-18T14:13:12","date_gmt":"2015-12-18T13:13:12","guid":{"rendered":"http:\/\/web67.506.hosttech.eu\/wera-gmbh\/wp\/?page_id=2"},"modified":"2019-11-25T16:10:40","modified_gmt":"2019-11-25T15:10:40","slug":"home","status":"publish","type":"page","link":"https:\/\/fuge-technik.ch\/handel\/","title":{"rendered":"Home"},"content":{"rendered":"<p><div id=\"metaslider-id-510\" style=\"max-width: 1680px;\" class=\"ml-slider-3-108-0 metaslider metaslider-flex metaslider-510 ml-slider has-dots-nav ms-theme-default\" role=\"region\" aria-label=\"Neue Diashow\" data-height=\"450\" data-width=\"1680\">\n    <div id=\"metaslider_container_510\">\n        <div id=\"metaslider_510\">\n            <ul class='slides'>\n                <li style=\"display: block; width: 100%;\" class=\"slide-360 ms-image \" aria-roledescription=\"slide\" data-date=\"2016-04-07 14:06:28\" data-filename=\"Bild3-1600x428.jpg\" data-slide-type=\"image\"><img loading=\"lazy\" decoding=\"async\" src=\"https:\/\/fuge-technik.ch\/handel\/wp-content\/uploads\/2016\/04\/Bild3-1600x428.jpg\" height=\"450\" width=\"1680\" alt=\"\" class=\"slider-510 slide-360 msDefaultImage\" \/><\/li>\n                <li style=\"display: none; width: 100%;\" class=\"slide-315 ms-image \" aria-roledescription=\"slide\" data-date=\"2016-04-04 13:02:00\" data-filename=\"IMG_8133-1200x321.jpg\" data-slide-type=\"image\"><img loading=\"lazy\" decoding=\"async\" src=\"https:\/\/fuge-technik.ch\/handel\/wp-content\/uploads\/2016\/04\/IMG_8133-1200x321.jpg\" height=\"450\" width=\"1680\" alt=\"\" class=\"slider-510 slide-315 msDefaultImage\" \/><\/li>\n                <li style=\"display: none; width: 100%;\" class=\"slide-209 ms-image \" aria-roledescription=\"slide\" data-date=\"2016-01-14 11:04:01\" data-filename=\"IMG_8123-1200x321.jpg\" data-slide-type=\"image\"><img loading=\"lazy\" decoding=\"async\" src=\"https:\/\/fuge-technik.ch\/handel\/wp-content\/uploads\/2016\/01\/IMG_8123-1200x321.jpg\" height=\"450\" width=\"1680\" alt=\"\" class=\"slider-510 slide-209 msDefaultImage\" \/><\/li>\n                <li style=\"display: none; width: 100%;\" class=\"slide-210 ms-image \" aria-roledescription=\"slide\" data-date=\"2016-01-14 11:04:02\" data-filename=\"IMG_8124-1200x321.jpg\" data-slide-type=\"image\"><img loading=\"lazy\" decoding=\"async\" src=\"https:\/\/fuge-technik.ch\/handel\/wp-content\/uploads\/2016\/01\/IMG_8124-1200x321.jpg\" height=\"450\" width=\"1680\" alt=\"\" class=\"slider-510 slide-210 msDefaultImage\" \/><\/li>\n            <\/ul>\n        <\/div>\n        \n    <\/div>\n<\/div><br \/>\n<b>Ihr Spezialist f\u00fcr Ringraumdichtungen, Gleitkufen und Flanschisolierungen<\/b><\/p>\n<p>Als schweizer Vertreter unseres deutschen Partners und Herstellers f\u00fcr <img loading=\"lazy\" decoding=\"async\" class=\"alignright wp-image-406\" src=\"http:\/\/fuge-technik.ch\/handel\/wp-content\/uploads\/2016\/12\/A.jpg\" alt=\"Rohre\" width=\"243\" height=\"425\" \/>Rohrzubeh\u00f6r im weitesten Sinne bieten wir unseren Kunden den Zugriff auf unser gut sortiertes Lager f\u00fcr schnelle Lieferung. Aber auch unsere technische Erfahrung f\u00fcr umfassende Beratung auf Grund langj\u00e4hriger Arbeit im Markt f\u00fcr Rohre und Armaturen steht unseren Partnern zur Verf\u00fcgung&#8230; Telefonisch, per E-Mail und vor Ort.<\/p>\n<p>Unser Bestreben ist es, einerseits die Lagerhaltung unserer Kunden durch schnelle \u201ejust in time\u201c- Lieferungen zu entlasten, andererseits aber auch durch die Bereitstellung eines ausgewogenen Zubeh\u00f6r-Programms f\u00fcr Rohrverlegung die Planung und Produktauswahl zu erleichtern.<\/p>\n<p>Die Firma Fugentechnik ist seit 2017 in Oberriet im St. Galler Rheintal situiert, die Auslieferung erfolgt bei Lagerware vorzugsweise am Bestelltag, wobei unser Versand-Partner, die Schweizer Post, einen raschen Transport \u00fcber Nacht erm\u00f6glicht. Gr\u00f6ssere Sendungen, die nicht mehr per Post transportiert werden k\u00f6nnen, werden ebenfalls per Nachtsprung durch \u00f6rtliche Spediteure zugestellt.<\/p>\n<p>Unser Unternehmensziel ist es, zu unseren Partnern eine langj\u00e4hrige und konfliktfreie Beziehung aufzubauen. Der Erfolg, den wir uns f\u00fcr unsere Arbeit erwarten und erlangen wollen, ist nur durch gute Betreuung unserer Kundenpartner zu erreichen. Nur so ist eine \u201ewin-win\u201c Beziehung in einer Partnerschaft wie wir sie verstehen herzustellen und zu halten.<\/p>\n","protected":false},"excerpt":{"rendered":"Ihr Spezialist f\u00fcr Ringraumdichtungen, Gleitkufen und Flanschisolierungen Als schweizer Vertreter unseres deutschen Partners und Herstellers f\u00fcr Rohrzubeh\u00f6r im weitesten Sinne bieten wir unseren \n<a class=\"moretag\" href=\"https:\/\/fuge-technik.ch\/handel\/\"> <\/a>","protected":false},"author":3,"featured_media":0,"parent":0,"menu_order":0,"comment_status":"closed","ping_status":"closed","template":"layouts\/fullwidth.php","meta":{"footnotes":""},"class_list":["post-418","page","type-page","status-publish","hentry"],"_links":{"self":[{"href":"https:\/\/fuge-technik.ch\/handel\/wp-json\/wp\/v2\/pages\/418","targetHints":{"allow":["GET"]}}],"collection":[{"href":"https:\/\/fuge-technik.ch\/handel\/wp-json\/wp\/v2\/pages"}],"about":[{"href":"https:\/\/fuge-technik.ch\/handel\/wp-json\/wp\/v2\/types\/page"}],"author":[{"embeddable":true,"href":"https:\/\/fuge-technik.ch\/handel\/wp-json\/wp\/v2\/users\/3"}],"replies":[{"embeddable":true,"href":"https:\/\/fuge-technik.ch\/handel\/wp-json\/wp\/v2\/comments?post=418"}],"version-history":[{"count":9,"href":"https:\/\/fuge-technik.ch\/handel\/wp-json\/wp\/v2\/pages\/418\/revisions"}],"predecessor-version":[{"id":879,"href":"https:\/\/fuge-technik.ch\/handel\/wp-json\/wp\/v2\/pages\/418\/revisions\/879"}],"wp:attachment":[{"href":"https:\/\/fuge-technik.ch\/handel\/wp-json\/wp\/v2\/media?parent=418"}],"curies":[{"name":"wp","href":"https:\/\/api.w.org\/{rel}","templated":true}]}}