{"id":37,"date":"2015-12-21T17:07:28","date_gmt":"2015-12-21T16:07:28","guid":{"rendered":"http:\/\/web67.506.hosttech.eu\/wera-gmbh\/wp\/?page_id=37"},"modified":"2016-12-12T14:54:10","modified_gmt":"2016-12-12T13:54:10","slug":"manschetten","status":"publish","type":"page","link":"https:\/\/fuge-technik.ch\/handel\/manschetten\/","title":{"rendered":"Manschetten&#8230;&#8230;&#8230;&#8220;immer angepasst&#8220;"},"content":{"rendered":"<div id=\"pl-37\"  class=\"panel-layout\" ><div id=\"pg-37-0\"  class=\"panel-grid panel-no-style\" ><div id=\"pgc-37-0-0\"  class=\"panel-grid-cell\" ><div id=\"panel-37-0-0-0\" class=\"so-panel widget widget_text panel-first-child panel-last-child\" data-index=\"0\" >\t\t\t<div class=\"textwidget\"><img decoding=\"async\" id=\"id_content_ctl01_id_img\" class=\"alignleft\" src=\"http:\/\/www.sgm-online-de.de\/img\/rohrzubehoer\/pic_04.png\" \/><\/div>\n\t\t<\/div><\/div><div id=\"pgc-37-0-1\"  class=\"panel-grid-cell\" ><div id=\"panel-37-0-1-0\" class=\"so-panel widget widget_text panel-first-child panel-last-child\" data-index=\"1\" >\t\t\t<div class=\"textwidget\"><p><strong>MANSCHETTEN <i>ON, ONV, MN, MNO<\/i><\/strong><\/p>\n<p><b>Typ ON (nahtlos vulkanisierte Form)<\/b><br \/>\nf\u00fcr eine fixe Kombination von Mantelrohr- und Mediumrohrdurchmesser.<\/p>\n<p><b>Typ ONV (nahtlos vulkanisierte Form)<\/b><br \/>\nf\u00fcr fixen Mantelrohr - und variablen Mediumrohrdurchmesser.<\/p>\n<p> &nbsp;<br \/>\nMehr Details finden Sie im <a href=\"http:\/\/fuge-technik.ch\/handel\/wp-content\/uploads\/2016\/12\/Manschetten.pdf\" target=\"_blank\">PDF-Flyer<\/a><\/p>\n<\/div>\n\t\t<\/div><\/div><div id=\"pgc-37-0-2\"  class=\"panel-grid-cell\" ><div id=\"panel-37-0-2-0\" class=\"so-panel widget widget_text panel-first-child panel-last-child\" data-index=\"2\" >\t\t\t<div class=\"textwidget\"><p> &nbsp;<br \/>\n<strong>&nbsp;<\/strong><\/p>\n<p><b>Typ MN und MN-3<\/b><br \/>\n &nbsp;<br \/>\naus Plattenmaterial gefertigt und vulkanisiert. F\u00fcr alle Rohrdurchmesser lieferbar.<\/p>\n<p><b>Typ MNO<\/b><br \/>\n &nbsp;<br \/>\noffenes Plattenmaterial, f\u00fcr nachtr\u00e4glichen Einbau bei bereits verlegten Rohren. F\u00fcr alle Rohrdurchmesser lieferbar.<\/p>\n<\/div>\n\t\t<\/div><\/div><\/div><div id=\"pg-37-1\"  class=\"panel-grid panel-no-style\" ><div id=\"pgc-37-1-0\"  class=\"panel-grid-cell\" ><div id=\"panel-37-1-0-0\" class=\"so-panel widget widget_text panel-first-child panel-last-child\" data-index=\"3\" >\t\t\t<div class=\"textwidget\"><hr><\/div>\n\t\t<\/div><\/div><\/div><div id=\"pg-37-2\"  class=\"panel-grid panel-no-style\" ><div id=\"pgc-37-2-0\"  class=\"panel-grid-cell\" ><div id=\"panel-37-2-0-0\" class=\"so-panel widget widget_text panel-first-child panel-last-child\" data-index=\"4\" >\t\t\t<div class=\"textwidget\"><img decoding=\"async\" id=\"id_content_ctl02_id_img\" class=\"alignleft\" src=\"http:\/\/www.sgm-online-de.de\/img\/rohrzubehoer\/pic_04_2.png\" \/><\/div>\n\t\t<\/div><\/div><div id=\"pgc-37-2-1\"  class=\"panel-grid-cell\" ><div id=\"panel-37-2-1-0\" class=\"so-panel widget widget_text panel-first-child panel-last-child\" data-index=\"5\" >\t\t\t<div class=\"textwidget\"><p><strong>MANSCHETTEN <i>SG<\/i><\/strong><br \/>\n&nbsp;<br \/>\nSG Manschetten werden speziell nach Ihren Anforderungen auf Ma\u00df gefertigt.<\/p>\n<ul>\n<li>Ideal bei gro\u00dfer Exzentrit\u00e4t<\/li>\n<li>Auch mit zus\u00e4tzlichen \u00d6ffnungen f\u00fcr Kabelschutzrohre lieferbar<\/li>\n<li>Nahtlose Verarbeitung<\/li>\n<li>Hohe Belastbarkeit<\/li>\n<li>Auch in verst\u00e4rkter Ausf\u00fchrung erh\u00e4ltlich<\/li>\n<\/ul>\n<p>&nbsp;<br \/>\nMehr Details finden Sie im <a href=\"http:\/\/fuge-technik.ch\/handel\/wp-content\/uploads\/2016\/12\/Manschetten_SG.pdf\" target=\"_blank\">PDF-Flyer<\/a><\/p>\n<\/div>\n\t\t<\/div><\/div><\/div><\/div>","protected":false},"excerpt":{"rendered":"MANSCHETTEN ON, ONV, MN, MNO Typ ON (nahtlos vulkanisierte Form) f\u00fcr eine fixe Kombination von Mantelrohr- und Mediumrohrdurchmesser. Typ ONV (nahtlos vulkanisierte Form) \n<a class=\"moretag\" href=\"https:\/\/fuge-technik.ch\/handel\/manschetten\/\"> <\/a>","protected":false},"author":3,"featured_media":0,"parent":0,"menu_order":0,"comment_status":"closed","ping_status":"closed","template":"","meta":{"footnotes":""},"class_list":["post-37","page","type-page","status-publish","hentry"],"_links":{"self":[{"href":"https:\/\/fuge-technik.ch\/handel\/wp-json\/wp\/v2\/pages\/37","targetHints":{"allow":["GET"]}}],"collection":[{"href":"https:\/\/fuge-technik.ch\/handel\/wp-json\/wp\/v2\/pages"}],"about":[{"href":"https:\/\/fuge-technik.ch\/handel\/wp-json\/wp\/v2\/types\/page"}],"author":[{"embeddable":true,"href":"https:\/\/fuge-technik.ch\/handel\/wp-json\/wp\/v2\/users\/3"}],"replies":[{"embeddable":true,"href":"https:\/\/fuge-technik.ch\/handel\/wp-json\/wp\/v2\/comments?post=37"}],"version-history":[{"count":7,"href":"https:\/\/fuge-technik.ch\/handel\/wp-json\/wp\/v2\/pages\/37\/revisions"}],"predecessor-version":[{"id":569,"href":"https:\/\/fuge-technik.ch\/handel\/wp-json\/wp\/v2\/pages\/37\/revisions\/569"}],"wp:attachment":[{"href":"https:\/\/fuge-technik.ch\/handel\/wp-json\/wp\/v2\/media?parent=37"}],"curies":[{"name":"wp","href":"https:\/\/api.w.org\/{rel}","templated":true}]}}