{"id":318,"date":"2016-04-04T16:30:50","date_gmt":"2016-04-04T14:30:50","guid":{"rendered":"http:\/\/weragmbh.ch\/?page_id=318"},"modified":"2019-11-05T16:08:09","modified_gmt":"2019-11-05T15:08:09","slug":"impressum","status":"publish","type":"page","link":"https:\/\/fuge-technik.ch\/handel\/impressum\/","title":{"rendered":"Impressum"},"content":{"rendered":"<div id=\"pl-318\"  class=\"panel-layout\" ><div id=\"pg-318-0\"  class=\"panel-grid panel-no-style\" ><div id=\"pgc-318-0-0\"  class=\"panel-grid-cell\" ><div id=\"panel-318-0-0-0\" class=\"so-panel widget widget_text panel-first-child panel-last-child\" data-index=\"0\" >\t\t\t<div class=\"textwidget\"><p>Die Ingolf Schr\u00f6der Fugentechnik KG \u00fcbernimmt keine Gew\u00e4hr f\u00fcr die Richtigkeit und Vollst\u00e4ndigkeit dieser Daten. Jegliche Haftung insbesondere auf Schadenersatz ist ausgeschlossen. F\u00fcr fremde Inhalte zu denen diese Seite den Zugang zur Nutzung vermittelt insbesondere f\u00fcr die Inhalte der Links ist die Ingolf Schr\u00f6der Fugentechnik KG nicht verantwortlich.<br \/>\nAnregungen und Hinweise zu dieser Seite bitte an schroeder@fuge-technik.ch senden.<\/p>\n<\/div>\n\t\t<\/div><\/div><\/div><div id=\"pg-318-1\"  class=\"panel-grid panel-no-style\" ><div id=\"pgc-318-1-0\"  class=\"panel-grid-cell\" ><div id=\"panel-318-1-0-0\" class=\"so-panel widget widget_text panel-first-child panel-last-child\" data-index=\"1\" >\t\t\t<div class=\"textwidget\"><p><b>Fugentechnik Schr\u00f6der<\/b><br \/>\nWiesenstrasse 21<br \/>\nCH-9463 Oberriet SG<\/p>\n<p>Inhaber: Ingolf Schr\u00f6der<\/p>\n<\/div>\n\t\t<\/div><\/div><div id=\"pgc-318-1-1\"  class=\"panel-grid-cell\" ><div id=\"panel-318-1-1-0\" class=\"so-panel widget widget_text panel-first-child panel-last-child\" data-index=\"2\" >\t\t\t<div class=\"textwidget\"><p>Mobile CH:<br \/>\nEmail:<br \/>\nBank:<br \/>\nIBAN:<br \/>\nBIC:<br \/>\nMWSt-Nr.:<\/p>\n<\/div>\n\t\t<\/div><\/div><div id=\"pgc-318-1-2\"  class=\"panel-grid-cell\" ><div id=\"panel-318-1-2-0\" class=\"so-panel widget widget_text panel-first-child panel-last-child\" data-index=\"3\" >\t\t\t<div class=\"textwidget\"><p>+41 (0)78 627 64 56<br \/>\nschroeder@fuge-technik.ch<br \/>\nAlpha Rheintal Bank AG<br \/>\nCH28 0692 0071 7116 1000 2<br \/>\nARBHCH22<br \/>\nCHE-448.910.569 MWST<\/p>\n<\/div>\n\t\t<\/div><\/div><\/div><div id=\"pg-318-2\"  class=\"panel-grid panel-no-style\" ><div id=\"pgc-318-2-0\"  class=\"panel-grid-cell\" ><div id=\"panel-318-2-0-0\" class=\"so-panel widget widget_text panel-first-child panel-last-child\" data-index=\"4\" ><h3 class=\"widget-title\">Datenschutzerkl\u00e4rung<\/h3>\t\t\t<div class=\"textwidget\"><p>Wir erheben, verarbeiten und nutzen Ihre Daten nur im Rahmen der gesetzlichen Bestimmungen. Diese Datenschutzerkl\u00e4rung gilt ausschliesslich f\u00fcr die Nutzung der von uns angebotenen Webseite. Sie gilt nicht f\u00fcr die Webseiten anderer Dienstanbieter, auf die wir lediglich durch einen Link verweisen. Bei der Nutzung unserer Webseiten bleiben Sie anonym, solange Sie uns nicht von sich aus freiwillig personenbezogene Daten zur Verf\u00fcgung stellen. Personenbezogene Daten werden nur dann erhoben, wenn dies f\u00fcr die Nutzung der auf der Webseite angebotenen Leistungen, insbesondere Anfrage- \/ Bestellung- und Kontaktformulare, erforderlich sind. Wir werden die von Ihnen zur Verf\u00fcgung gestellten Daten streng vertraulich behandeln. Ohne Ihre ausdr\u00fcckliche Einwilligung geben wir keine pers\u00f6nlichen Daten weiter, es sei denn, dass wir rechtlich dazu verpflichtet sind. Wir weisen jedoch darauf hin, dass es bei der \u00dcbermittlung von Daten im Internet immer dazu kommen kann, dass Dritte Ihre Daten zur Kenntnis nehmen oder verf\u00e4lschen.<\/p>\n<\/div>\n\t\t<\/div><\/div><\/div><\/div>","protected":false},"excerpt":{"rendered":"Die Ingolf Schr\u00f6der Fugentechnik KG \u00fcbernimmt keine Gew\u00e4hr f\u00fcr die Richtigkeit und Vollst\u00e4ndigkeit dieser Daten. Jegliche Haftung insbesondere auf Schadenersatz ist ausgeschlossen. F\u00fcr \n<a class=\"moretag\" href=\"https:\/\/fuge-technik.ch\/handel\/impressum\/\"> <\/a>","protected":false},"author":3,"featured_media":0,"parent":0,"menu_order":0,"comment_status":"closed","ping_status":"closed","template":"layouts\/fullwidth.php","meta":{"footnotes":""},"class_list":["post-318","page","type-page","status-publish","hentry"],"_links":{"self":[{"href":"https:\/\/fuge-technik.ch\/handel\/wp-json\/wp\/v2\/pages\/318","targetHints":{"allow":["GET"]}}],"collection":[{"href":"https:\/\/fuge-technik.ch\/handel\/wp-json\/wp\/v2\/pages"}],"about":[{"href":"https:\/\/fuge-technik.ch\/handel\/wp-json\/wp\/v2\/types\/page"}],"author":[{"embeddable":true,"href":"https:\/\/fuge-technik.ch\/handel\/wp-json\/wp\/v2\/users\/3"}],"replies":[{"embeddable":true,"href":"https:\/\/fuge-technik.ch\/handel\/wp-json\/wp\/v2\/comments?post=318"}],"version-history":[{"count":12,"href":"https:\/\/fuge-technik.ch\/handel\/wp-json\/wp\/v2\/pages\/318\/revisions"}],"predecessor-version":[{"id":856,"href":"https:\/\/fuge-technik.ch\/handel\/wp-json\/wp\/v2\/pages\/318\/revisions\/856"}],"wp:attachment":[{"href":"https:\/\/fuge-technik.ch\/handel\/wp-json\/wp\/v2\/media?parent=318"}],"curies":[{"name":"wp","href":"https:\/\/api.w.org\/{rel}","templated":true}]}}